
{"id":4213,"date":"2018-04-20T15:14:16","date_gmt":"2018-04-20T13:14:16","guid":{"rendered":"https:\/\/www.yvornedillet.ch\/boutique\/doudillet\/"},"modified":"2018-04-20T15:14:16","modified_gmt":"2018-04-20T13:14:16","slug":"doudillet","status":"publish","type":"product","link":"https:\/\/www.yvornedillet.ch\/de\/boutique\/doudillet\/","title":{"rendered":"Doudillet"},"content":{"rendered":"<p>Der Doudillet wird aus der Rebsorte Doral hergestellt. Dieser S\u00fc\u00dfwein mit einem Rosinenaroma und seiner sch\u00f6nen goldenen Farbe passt hervorragend zu s\u00fc\u00dfen und milden Desserts. <\/p>\n<p>&nbsp;<\/p>\n<p><em>Serviertemperatur: 10 bis 12 Grad.<\/em><\/p>\n<p>&nbsp;<\/p>\n<p>AOC Chablais<\/p>\n","protected":false},"excerpt":{"rendered":"<p>Der Doudillet wird aus der Rebsorte Doral hergestellt. Dieser S\u00fc\u00dfwein mit einem Rosinenaroma und seiner sch\u00f6nen goldenen Farbe passt hervorragend zu s\u00fc\u00dfen und milden Desserts. &nbsp; Serviertemperatur: 10 bis 12&hellip;<\/p>\n","protected":false},"featured_media":3997,"template":"","meta":[],"product_brand":[],"product_cat":[259],"product_tag":[260],"class_list":{"0":"post-4213","1":"product","2":"type-product","3":"status-publish","4":"has-post-thumbnail","6":"product_cat-suswein","7":"product_tag-doral-de","9":"first","10":"outofstock","11":"shipping-taxable","12":"purchasable","13":"product-type-simple"},"yoast_head":"<!-- This site is optimized with the Yoast SEO plugin v27.2 - https:\/\/yoast.com\/product\/yoast-seo-wordpress\/ -->\n<title>Doudillet - Domaine Dillet<\/title>\n<meta name=\"robots\" content=\"index, follow, max-snippet:-1, max-image-preview:large, max-video-preview:-1\" \/>\n<link rel=\"canonical\" href=\"https:\/\/www.yvornedillet.ch\/de\/boutique\/doudillet\/\" \/>\n<meta property=\"og:locale\" content=\"de_DE\" \/>\n<meta property=\"og:type\" content=\"article\" \/>\n<meta property=\"og:title\" content=\"Doudillet - Domaine Dillet\" \/>\n<meta property=\"og:description\" content=\"Der Doudillet wird aus der Rebsorte Doral hergestellt. Dieser S\u00fc\u00dfwein mit einem Rosinenaroma und seiner sch\u00f6nen goldenen Farbe passt hervorragend zu s\u00fc\u00dfen und milden Desserts. &nbsp; Serviertemperatur: 10 bis 12&hellip;\" \/>\n<meta property=\"og:url\" content=\"https:\/\/www.yvornedillet.ch\/de\/boutique\/doudillet\/\" \/>\n<meta property=\"og:site_name\" content=\"Domaine Dillet\" \/>\n<meta property=\"article:publisher\" content=\"https:\/\/www.facebook.com\/Domaine-Dillet-Eric-Minod-107479957840700\" \/>\n<meta property=\"og:image\" content=\"https:\/\/www.yvornedillet.ch\/wp-content\/uploads\/2025\/05\/PM_Vin_09-scaled.jpg\" \/>\n\t<meta property=\"og:image:width\" content=\"1708\" \/>\n\t<meta property=\"og:image:height\" content=\"2560\" \/>\n\t<meta property=\"og:image:type\" content=\"image\/jpeg\" \/>\n<meta name=\"twitter:card\" content=\"summary_large_image\" \/>\n<script type=\"application\/ld+json\" class=\"yoast-schema-graph\">{\"@context\":\"https:\/\/schema.org\",\"@graph\":[{\"@type\":\"WebPage\",\"@id\":\"https:\/\/www.yvornedillet.ch\/de\/boutique\/doudillet\/\",\"url\":\"https:\/\/www.yvornedillet.ch\/de\/boutique\/doudillet\/\",\"name\":\"Doudillet - Domaine Dillet\",\"isPartOf\":{\"@id\":\"https:\/\/www.yvornedillet.ch\/de\/#website\"},\"primaryImageOfPage\":{\"@id\":\"https:\/\/www.yvornedillet.ch\/de\/boutique\/doudillet\/#primaryimage\"},\"image\":{\"@id\":\"https:\/\/www.yvornedillet.ch\/de\/boutique\/doudillet\/#primaryimage\"},\"thumbnailUrl\":\"https:\/\/www.yvornedillet.ch\/wp-content\/uploads\/2025\/05\/PM_Vin_09-scaled.jpg\",\"datePublished\":\"2018-04-20T13:14:16+00:00\",\"breadcrumb\":{\"@id\":\"https:\/\/www.yvornedillet.ch\/de\/boutique\/doudillet\/#breadcrumb\"},\"inLanguage\":\"de\",\"potentialAction\":[{\"@type\":\"ReadAction\",\"target\":[\"https:\/\/www.yvornedillet.ch\/de\/boutique\/doudillet\/\"]}]},{\"@type\":\"ImageObject\",\"inLanguage\":\"de\",\"@id\":\"https:\/\/www.yvornedillet.ch\/de\/boutique\/doudillet\/#primaryimage\",\"url\":\"https:\/\/www.yvornedillet.ch\/wp-content\/uploads\/2025\/05\/PM_Vin_09-scaled.jpg\",\"contentUrl\":\"https:\/\/www.yvornedillet.ch\/wp-content\/uploads\/2025\/05\/PM_Vin_09-scaled.jpg\",\"width\":1708,\"height\":2560},{\"@type\":\"BreadcrumbList\",\"@id\":\"https:\/\/www.yvornedillet.ch\/de\/boutique\/doudillet\/#breadcrumb\",\"itemListElement\":[{\"@type\":\"ListItem\",\"position\":1,\"name\":\"Accueil\",\"item\":\"https:\/\/www.yvornedillet.ch\/de\/\"},{\"@type\":\"ListItem\",\"position\":2,\"name\":\"Shop\",\"item\":\"https:\/\/www.yvornedillet.ch\/de\/shop\/\"},{\"@type\":\"ListItem\",\"position\":3,\"name\":\"Doudillet\"}]},{\"@type\":\"WebSite\",\"@id\":\"https:\/\/www.yvornedillet.ch\/de\/#website\",\"url\":\"https:\/\/www.yvornedillet.ch\/de\/\",\"name\":\"Domaine Dillet\",\"description\":\"Yvorne\",\"publisher\":{\"@id\":\"https:\/\/www.yvornedillet.ch\/de\/#organization\"},\"potentialAction\":[{\"@type\":\"SearchAction\",\"target\":{\"@type\":\"EntryPoint\",\"urlTemplate\":\"https:\/\/www.yvornedillet.ch\/de\/?s={search_term_string}\"},\"query-input\":{\"@type\":\"PropertyValueSpecification\",\"valueRequired\":true,\"valueName\":\"search_term_string\"}}],\"inLanguage\":\"de\"},{\"@type\":\"Organization\",\"@id\":\"https:\/\/www.yvornedillet.ch\/de\/#organization\",\"name\":\"Domaine Dillet\",\"url\":\"https:\/\/www.yvornedillet.ch\/de\/\",\"logo\":{\"@type\":\"ImageObject\",\"inLanguage\":\"de\",\"@id\":\"https:\/\/www.yvornedillet.ch\/de\/#\/schema\/logo\/image\/\",\"url\":\"https:\/\/www.yvornedillet.ch\/wp-content\/uploads\/2018\/03\/Logo_Dillet.png\",\"contentUrl\":\"https:\/\/www.yvornedillet.ch\/wp-content\/uploads\/2018\/03\/Logo_Dillet.png\",\"width\":815,\"height\":738,\"caption\":\"Domaine Dillet\"},\"image\":{\"@id\":\"https:\/\/www.yvornedillet.ch\/de\/#\/schema\/logo\/image\/\"},\"sameAs\":[\"https:\/\/www.facebook.com\/Domaine-Dillet-Eric-Minod-107479957840700\",\"https:\/\/www.instagram.com\/domainedillet\/\"]}]}<\/script>\n<!-- \/ Yoast SEO plugin. -->","yoast_head_json":{"title":"Doudillet - Domaine Dillet","robots":{"index":"index","follow":"follow","max-snippet":"max-snippet:-1","max-image-preview":"max-image-preview:large","max-video-preview":"max-video-preview:-1"},"canonical":"https:\/\/www.yvornedillet.ch\/de\/boutique\/doudillet\/","og_locale":"de_DE","og_type":"article","og_title":"Doudillet - Domaine Dillet","og_description":"Der Doudillet wird aus der Rebsorte Doral hergestellt. Dieser S\u00fc\u00dfwein mit einem Rosinenaroma und seiner sch\u00f6nen goldenen Farbe passt hervorragend zu s\u00fc\u00dfen und milden Desserts. &nbsp; Serviertemperatur: 10 bis 12&hellip;","og_url":"https:\/\/www.yvornedillet.ch\/de\/boutique\/doudillet\/","og_site_name":"Domaine Dillet","article_publisher":"https:\/\/www.facebook.com\/Domaine-Dillet-Eric-Minod-107479957840700","og_image":[{"width":1708,"height":2560,"url":"https:\/\/www.yvornedillet.ch\/wp-content\/uploads\/2025\/05\/PM_Vin_09-scaled.jpg","type":"image\/jpeg"}],"twitter_card":"summary_large_image","schema":{"@context":"https:\/\/schema.org","@graph":[{"@type":"WebPage","@id":"https:\/\/www.yvornedillet.ch\/de\/boutique\/doudillet\/","url":"https:\/\/www.yvornedillet.ch\/de\/boutique\/doudillet\/","name":"Doudillet - Domaine Dillet","isPartOf":{"@id":"https:\/\/www.yvornedillet.ch\/de\/#website"},"primaryImageOfPage":{"@id":"https:\/\/www.yvornedillet.ch\/de\/boutique\/doudillet\/#primaryimage"},"image":{"@id":"https:\/\/www.yvornedillet.ch\/de\/boutique\/doudillet\/#primaryimage"},"thumbnailUrl":"https:\/\/www.yvornedillet.ch\/wp-content\/uploads\/2025\/05\/PM_Vin_09-scaled.jpg","datePublished":"2018-04-20T13:14:16+00:00","breadcrumb":{"@id":"https:\/\/www.yvornedillet.ch\/de\/boutique\/doudillet\/#breadcrumb"},"inLanguage":"de","potentialAction":[{"@type":"ReadAction","target":["https:\/\/www.yvornedillet.ch\/de\/boutique\/doudillet\/"]}]},{"@type":"ImageObject","inLanguage":"de","@id":"https:\/\/www.yvornedillet.ch\/de\/boutique\/doudillet\/#primaryimage","url":"https:\/\/www.yvornedillet.ch\/wp-content\/uploads\/2025\/05\/PM_Vin_09-scaled.jpg","contentUrl":"https:\/\/www.yvornedillet.ch\/wp-content\/uploads\/2025\/05\/PM_Vin_09-scaled.jpg","width":1708,"height":2560},{"@type":"BreadcrumbList","@id":"https:\/\/www.yvornedillet.ch\/de\/boutique\/doudillet\/#breadcrumb","itemListElement":[{"@type":"ListItem","position":1,"name":"Accueil","item":"https:\/\/www.yvornedillet.ch\/de\/"},{"@type":"ListItem","position":2,"name":"Shop","item":"https:\/\/www.yvornedillet.ch\/de\/shop\/"},{"@type":"ListItem","position":3,"name":"Doudillet"}]},{"@type":"WebSite","@id":"https:\/\/www.yvornedillet.ch\/de\/#website","url":"https:\/\/www.yvornedillet.ch\/de\/","name":"Domaine Dillet","description":"Yvorne","publisher":{"@id":"https:\/\/www.yvornedillet.ch\/de\/#organization"},"potentialAction":[{"@type":"SearchAction","target":{"@type":"EntryPoint","urlTemplate":"https:\/\/www.yvornedillet.ch\/de\/?s={search_term_string}"},"query-input":{"@type":"PropertyValueSpecification","valueRequired":true,"valueName":"search_term_string"}}],"inLanguage":"de"},{"@type":"Organization","@id":"https:\/\/www.yvornedillet.ch\/de\/#organization","name":"Domaine Dillet","url":"https:\/\/www.yvornedillet.ch\/de\/","logo":{"@type":"ImageObject","inLanguage":"de","@id":"https:\/\/www.yvornedillet.ch\/de\/#\/schema\/logo\/image\/","url":"https:\/\/www.yvornedillet.ch\/wp-content\/uploads\/2018\/03\/Logo_Dillet.png","contentUrl":"https:\/\/www.yvornedillet.ch\/wp-content\/uploads\/2018\/03\/Logo_Dillet.png","width":815,"height":738,"caption":"Domaine Dillet"},"image":{"@id":"https:\/\/www.yvornedillet.ch\/de\/#\/schema\/logo\/image\/"},"sameAs":["https:\/\/www.facebook.com\/Domaine-Dillet-Eric-Minod-107479957840700","https:\/\/www.instagram.com\/domainedillet\/"]}]}},"_links":{"self":[{"href":"https:\/\/www.yvornedillet.ch\/de\/wp-json\/wp\/v2\/product\/4213","targetHints":{"allow":["GET"]}}],"collection":[{"href":"https:\/\/www.yvornedillet.ch\/de\/wp-json\/wp\/v2\/product"}],"about":[{"href":"https:\/\/www.yvornedillet.ch\/de\/wp-json\/wp\/v2\/types\/product"}],"wp:featuredmedia":[{"embeddable":true,"href":"https:\/\/www.yvornedillet.ch\/de\/wp-json\/wp\/v2\/media\/3997"}],"wp:attachment":[{"href":"https:\/\/www.yvornedillet.ch\/de\/wp-json\/wp\/v2\/media?parent=4213"}],"wp:term":[{"taxonomy":"product_brand","embeddable":true,"href":"https:\/\/www.yvornedillet.ch\/de\/wp-json\/wp\/v2\/product_brand?post=4213"},{"taxonomy":"product_cat","embeddable":true,"href":"https:\/\/www.yvornedillet.ch\/de\/wp-json\/wp\/v2\/product_cat?post=4213"},{"taxonomy":"product_tag","embeddable":true,"href":"https:\/\/www.yvornedillet.ch\/de\/wp-json\/wp\/v2\/product_tag?post=4213"}],"curies":[{"name":"wp","href":"https:\/\/api.w.org\/{rel}","templated":true}]}}