
{"id":4208,"date":"2018-04-16T20:41:35","date_gmt":"2018-04-16T18:41:35","guid":{"rendered":"https:\/\/www.yvornedillet.ch\/boutique\/weisse-cuvee\/"},"modified":"2018-04-16T20:41:35","modified_gmt":"2018-04-16T18:41:35","slug":"weisse-cuvee","status":"publish","type":"product","link":"https:\/\/www.yvornedillet.ch\/de\/boutique\/weisse-cuvee\/","title":{"rendered":"Wei\u00dfe Cuv\u00e9e"},"content":{"rendered":"<p>Eine Cuv\u00e9e aus Chardonnay, Wei\u00dfburgunder und Grauburgunder. Dieser Wei\u00dfwein, der 12 Monate im Barrique ausgebaut wurde, vereint F\u00fclle, Frische und Eleganz. Die Nase offenbart Aromen von wei\u00dfen Fr\u00fcchten, Blumen und eine subtile Holznote. Am Gaumen ist er vollmundig und ausgewogen, mit einem sch\u00f6nen langen Abgang und einem leicht vanilligen Finale.  <\/p>\n<p>Passt gut zu Krustentieren, Fisch und hellem Fleisch sowie Weichk\u00e4se.<\/p>\n<p>&nbsp;<\/p>\n<p><em>Serviertemperatur: 12 bis 14 Grad<\/em><\/p>\n<p>&nbsp;<\/p>\n<p>Grand Cru, AOC Chablais<\/p>\n","protected":false},"excerpt":{"rendered":"<p>Eine Cuv\u00e9e aus Chardonnay, Wei\u00dfburgunder und Grauburgunder. Dieser Wei\u00dfwein, der 12 Monate im Barrique ausgebaut wurde, vereint F\u00fclle, Frische und Eleganz. Die Nase offenbart Aromen von wei\u00dfen Fr\u00fcchten, Blumen und&hellip;<\/p>\n","protected":false},"featured_media":3983,"template":"","meta":[],"product_brand":[],"product_cat":[231],"product_tag":[258,253,254],"class_list":{"0":"post-4208","1":"product","2":"type-product","3":"status-publish","4":"has-post-thumbnail","6":"product_cat-weiswein","7":"product_tag-chardonnay-de","8":"product_tag-grauburgunder","9":"product_tag-weisburgunder","11":"first","12":"instock","13":"shipping-taxable","14":"purchasable","15":"product-type-variable"},"yoast_head":"<!-- This site is optimized with the Yoast SEO plugin v27.4 - https:\/\/yoast.com\/product\/yoast-seo-wordpress\/ -->\n<title>Wei\u00dfe Cuv\u00e9e - Domaine Dillet<\/title>\n<meta name=\"robots\" content=\"index, follow, max-snippet:-1, max-image-preview:large, max-video-preview:-1\" \/>\n<link rel=\"canonical\" href=\"https:\/\/www.yvornedillet.ch\/de\/boutique\/weisse-cuvee\/\" \/>\n<meta property=\"og:locale\" content=\"de_DE\" \/>\n<meta property=\"og:type\" content=\"article\" \/>\n<meta property=\"og:title\" content=\"Wei\u00dfe Cuv\u00e9e - Domaine Dillet\" \/>\n<meta property=\"og:description\" content=\"Eine Cuv\u00e9e aus Chardonnay, Wei\u00dfburgunder und Grauburgunder. Dieser Wei\u00dfwein, der 12 Monate im Barrique ausgebaut wurde, vereint F\u00fclle, Frische und Eleganz. Die Nase offenbart Aromen von wei\u00dfen Fr\u00fcchten, Blumen und&hellip;\" \/>\n<meta property=\"og:url\" content=\"https:\/\/www.yvornedillet.ch\/de\/boutique\/weisse-cuvee\/\" \/>\n<meta property=\"og:site_name\" content=\"Domaine Dillet\" \/>\n<meta property=\"article:publisher\" content=\"https:\/\/www.facebook.com\/Domaine-Dillet-Eric-Minod-107479957840700\" \/>\n<meta property=\"og:image\" content=\"https:\/\/www.yvornedillet.ch\/wp-content\/uploads\/2025\/05\/PM_Vin_02-scaled.jpg\" \/>\n\t<meta property=\"og:image:width\" content=\"1708\" \/>\n\t<meta property=\"og:image:height\" content=\"2560\" \/>\n\t<meta property=\"og:image:type\" content=\"image\/jpeg\" \/>\n<meta name=\"twitter:card\" content=\"summary_large_image\" \/>\n<script type=\"application\/ld+json\" class=\"yoast-schema-graph\">{\"@context\":\"https:\\\/\\\/schema.org\",\"@graph\":[{\"@type\":\"WebPage\",\"@id\":\"https:\\\/\\\/www.yvornedillet.ch\\\/de\\\/boutique\\\/weisse-cuvee\\\/\",\"url\":\"https:\\\/\\\/www.yvornedillet.ch\\\/de\\\/boutique\\\/weisse-cuvee\\\/\",\"name\":\"Wei\u00dfe Cuv\u00e9e - Domaine Dillet\",\"isPartOf\":{\"@id\":\"https:\\\/\\\/www.yvornedillet.ch\\\/de\\\/#website\"},\"primaryImageOfPage\":{\"@id\":\"https:\\\/\\\/www.yvornedillet.ch\\\/de\\\/boutique\\\/weisse-cuvee\\\/#primaryimage\"},\"image\":{\"@id\":\"https:\\\/\\\/www.yvornedillet.ch\\\/de\\\/boutique\\\/weisse-cuvee\\\/#primaryimage\"},\"thumbnailUrl\":\"https:\\\/\\\/www.yvornedillet.ch\\\/wp-content\\\/uploads\\\/2025\\\/05\\\/PM_Vin_02-scaled.jpg\",\"datePublished\":\"2018-04-16T18:41:35+00:00\",\"breadcrumb\":{\"@id\":\"https:\\\/\\\/www.yvornedillet.ch\\\/de\\\/boutique\\\/weisse-cuvee\\\/#breadcrumb\"},\"inLanguage\":\"de\",\"potentialAction\":[{\"@type\":\"ReadAction\",\"target\":[\"https:\\\/\\\/www.yvornedillet.ch\\\/de\\\/boutique\\\/weisse-cuvee\\\/\"]}]},{\"@type\":\"ImageObject\",\"inLanguage\":\"de\",\"@id\":\"https:\\\/\\\/www.yvornedillet.ch\\\/de\\\/boutique\\\/weisse-cuvee\\\/#primaryimage\",\"url\":\"https:\\\/\\\/www.yvornedillet.ch\\\/wp-content\\\/uploads\\\/2025\\\/05\\\/PM_Vin_02-scaled.jpg\",\"contentUrl\":\"https:\\\/\\\/www.yvornedillet.ch\\\/wp-content\\\/uploads\\\/2025\\\/05\\\/PM_Vin_02-scaled.jpg\",\"width\":1708,\"height\":2560},{\"@type\":\"BreadcrumbList\",\"@id\":\"https:\\\/\\\/www.yvornedillet.ch\\\/de\\\/boutique\\\/weisse-cuvee\\\/#breadcrumb\",\"itemListElement\":[{\"@type\":\"ListItem\",\"position\":1,\"name\":\"Accueil\",\"item\":\"https:\\\/\\\/www.yvornedillet.ch\\\/de\\\/\"},{\"@type\":\"ListItem\",\"position\":2,\"name\":\"Shop\",\"item\":\"https:\\\/\\\/www.yvornedillet.ch\\\/de\\\/shop\\\/\"},{\"@type\":\"ListItem\",\"position\":3,\"name\":\"Wei\u00dfe Cuv\u00e9e\"}]},{\"@type\":\"WebSite\",\"@id\":\"https:\\\/\\\/www.yvornedillet.ch\\\/de\\\/#website\",\"url\":\"https:\\\/\\\/www.yvornedillet.ch\\\/de\\\/\",\"name\":\"Domaine Dillet\",\"description\":\"Yvorne\",\"publisher\":{\"@id\":\"https:\\\/\\\/www.yvornedillet.ch\\\/de\\\/#organization\"},\"potentialAction\":[{\"@type\":\"SearchAction\",\"target\":{\"@type\":\"EntryPoint\",\"urlTemplate\":\"https:\\\/\\\/www.yvornedillet.ch\\\/de\\\/?s={search_term_string}\"},\"query-input\":{\"@type\":\"PropertyValueSpecification\",\"valueRequired\":true,\"valueName\":\"search_term_string\"}}],\"inLanguage\":\"de\"},{\"@type\":\"Organization\",\"@id\":\"https:\\\/\\\/www.yvornedillet.ch\\\/de\\\/#organization\",\"name\":\"Domaine Dillet\",\"url\":\"https:\\\/\\\/www.yvornedillet.ch\\\/de\\\/\",\"logo\":{\"@type\":\"ImageObject\",\"inLanguage\":\"de\",\"@id\":\"https:\\\/\\\/www.yvornedillet.ch\\\/de\\\/#\\\/schema\\\/logo\\\/image\\\/\",\"url\":\"https:\\\/\\\/www.yvornedillet.ch\\\/wp-content\\\/uploads\\\/2018\\\/03\\\/Logo_Dillet.png\",\"contentUrl\":\"https:\\\/\\\/www.yvornedillet.ch\\\/wp-content\\\/uploads\\\/2018\\\/03\\\/Logo_Dillet.png\",\"width\":815,\"height\":738,\"caption\":\"Domaine Dillet\"},\"image\":{\"@id\":\"https:\\\/\\\/www.yvornedillet.ch\\\/de\\\/#\\\/schema\\\/logo\\\/image\\\/\"},\"sameAs\":[\"https:\\\/\\\/www.facebook.com\\\/Domaine-Dillet-Eric-Minod-107479957840700\",\"https:\\\/\\\/www.instagram.com\\\/domainedillet\\\/\"]}]}<\/script>\n<!-- \/ Yoast SEO plugin. -->","yoast_head_json":{"title":"Wei\u00dfe Cuv\u00e9e - Domaine Dillet","robots":{"index":"index","follow":"follow","max-snippet":"max-snippet:-1","max-image-preview":"max-image-preview:large","max-video-preview":"max-video-preview:-1"},"canonical":"https:\/\/www.yvornedillet.ch\/de\/boutique\/weisse-cuvee\/","og_locale":"de_DE","og_type":"article","og_title":"Wei\u00dfe Cuv\u00e9e - Domaine Dillet","og_description":"Eine Cuv\u00e9e aus Chardonnay, Wei\u00dfburgunder und Grauburgunder. Dieser Wei\u00dfwein, der 12 Monate im Barrique ausgebaut wurde, vereint F\u00fclle, Frische und Eleganz. Die Nase offenbart Aromen von wei\u00dfen Fr\u00fcchten, Blumen und&hellip;","og_url":"https:\/\/www.yvornedillet.ch\/de\/boutique\/weisse-cuvee\/","og_site_name":"Domaine Dillet","article_publisher":"https:\/\/www.facebook.com\/Domaine-Dillet-Eric-Minod-107479957840700","og_image":[{"width":1708,"height":2560,"url":"https:\/\/www.yvornedillet.ch\/wp-content\/uploads\/2025\/05\/PM_Vin_02-scaled.jpg","type":"image\/jpeg"}],"twitter_card":"summary_large_image","schema":{"@context":"https:\/\/schema.org","@graph":[{"@type":"WebPage","@id":"https:\/\/www.yvornedillet.ch\/de\/boutique\/weisse-cuvee\/","url":"https:\/\/www.yvornedillet.ch\/de\/boutique\/weisse-cuvee\/","name":"Wei\u00dfe Cuv\u00e9e - Domaine Dillet","isPartOf":{"@id":"https:\/\/www.yvornedillet.ch\/de\/#website"},"primaryImageOfPage":{"@id":"https:\/\/www.yvornedillet.ch\/de\/boutique\/weisse-cuvee\/#primaryimage"},"image":{"@id":"https:\/\/www.yvornedillet.ch\/de\/boutique\/weisse-cuvee\/#primaryimage"},"thumbnailUrl":"https:\/\/www.yvornedillet.ch\/wp-content\/uploads\/2025\/05\/PM_Vin_02-scaled.jpg","datePublished":"2018-04-16T18:41:35+00:00","breadcrumb":{"@id":"https:\/\/www.yvornedillet.ch\/de\/boutique\/weisse-cuvee\/#breadcrumb"},"inLanguage":"de","potentialAction":[{"@type":"ReadAction","target":["https:\/\/www.yvornedillet.ch\/de\/boutique\/weisse-cuvee\/"]}]},{"@type":"ImageObject","inLanguage":"de","@id":"https:\/\/www.yvornedillet.ch\/de\/boutique\/weisse-cuvee\/#primaryimage","url":"https:\/\/www.yvornedillet.ch\/wp-content\/uploads\/2025\/05\/PM_Vin_02-scaled.jpg","contentUrl":"https:\/\/www.yvornedillet.ch\/wp-content\/uploads\/2025\/05\/PM_Vin_02-scaled.jpg","width":1708,"height":2560},{"@type":"BreadcrumbList","@id":"https:\/\/www.yvornedillet.ch\/de\/boutique\/weisse-cuvee\/#breadcrumb","itemListElement":[{"@type":"ListItem","position":1,"name":"Accueil","item":"https:\/\/www.yvornedillet.ch\/de\/"},{"@type":"ListItem","position":2,"name":"Shop","item":"https:\/\/www.yvornedillet.ch\/de\/shop\/"},{"@type":"ListItem","position":3,"name":"Wei\u00dfe Cuv\u00e9e"}]},{"@type":"WebSite","@id":"https:\/\/www.yvornedillet.ch\/de\/#website","url":"https:\/\/www.yvornedillet.ch\/de\/","name":"Domaine Dillet","description":"Yvorne","publisher":{"@id":"https:\/\/www.yvornedillet.ch\/de\/#organization"},"potentialAction":[{"@type":"SearchAction","target":{"@type":"EntryPoint","urlTemplate":"https:\/\/www.yvornedillet.ch\/de\/?s={search_term_string}"},"query-input":{"@type":"PropertyValueSpecification","valueRequired":true,"valueName":"search_term_string"}}],"inLanguage":"de"},{"@type":"Organization","@id":"https:\/\/www.yvornedillet.ch\/de\/#organization","name":"Domaine Dillet","url":"https:\/\/www.yvornedillet.ch\/de\/","logo":{"@type":"ImageObject","inLanguage":"de","@id":"https:\/\/www.yvornedillet.ch\/de\/#\/schema\/logo\/image\/","url":"https:\/\/www.yvornedillet.ch\/wp-content\/uploads\/2018\/03\/Logo_Dillet.png","contentUrl":"https:\/\/www.yvornedillet.ch\/wp-content\/uploads\/2018\/03\/Logo_Dillet.png","width":815,"height":738,"caption":"Domaine Dillet"},"image":{"@id":"https:\/\/www.yvornedillet.ch\/de\/#\/schema\/logo\/image\/"},"sameAs":["https:\/\/www.facebook.com\/Domaine-Dillet-Eric-Minod-107479957840700","https:\/\/www.instagram.com\/domainedillet\/"]}]}},"_links":{"self":[{"href":"https:\/\/www.yvornedillet.ch\/de\/wp-json\/wp\/v2\/product\/4208","targetHints":{"allow":["GET"]}}],"collection":[{"href":"https:\/\/www.yvornedillet.ch\/de\/wp-json\/wp\/v2\/product"}],"about":[{"href":"https:\/\/www.yvornedillet.ch\/de\/wp-json\/wp\/v2\/types\/product"}],"wp:featuredmedia":[{"embeddable":true,"href":"https:\/\/www.yvornedillet.ch\/de\/wp-json\/wp\/v2\/media\/3983"}],"wp:attachment":[{"href":"https:\/\/www.yvornedillet.ch\/de\/wp-json\/wp\/v2\/media?parent=4208"}],"wp:term":[{"taxonomy":"product_brand","embeddable":true,"href":"https:\/\/www.yvornedillet.ch\/de\/wp-json\/wp\/v2\/product_brand?post=4208"},{"taxonomy":"product_cat","embeddable":true,"href":"https:\/\/www.yvornedillet.ch\/de\/wp-json\/wp\/v2\/product_cat?post=4208"},{"taxonomy":"product_tag","embeddable":true,"href":"https:\/\/www.yvornedillet.ch\/de\/wp-json\/wp\/v2\/product_tag?post=4208"}],"curies":[{"name":"wp","href":"https:\/\/api.w.org\/{rel}","templated":true}]}}