
{"id":4140,"date":"2018-04-23T20:09:21","date_gmt":"2018-04-23T18:09:21","guid":{"rendered":"https:\/\/www.yvornedillet.ch\/boutique\/pinot-noir-pot-vaudois\/"},"modified":"2025-12-18T14:56:42","modified_gmt":"2025-12-18T13:56:42","slug":"pinot-noir-pot-vaudois","status":"publish","type":"product","link":"https:\/\/www.yvornedillet.ch\/de\/boutique\/pinot-noir-pot-vaudois\/","title":{"rendered":"Pinot Noir Pot Vaudois"},"content":{"rendered":"<p>Die dichte, leuchtend purpurrote Farbe l\u00e4sst Sie einen sehr ausgepr\u00e4gten Pinot-Wein mit \u00fcppigen und geschmeidigen Fruchtaromen entdecken, der in cremigen Tanninen endet.<\/p>\n<p>Perfekt zu rotem Fleisch, Gegrilltem und kr\u00e4ftigem K\u00e4se.<\/p>\n<p>Er hat ein gro\u00dfes Lagerpotenzial.<\/p>\n<p><em>Serviertemperatur: 16 bis 18 Grad<\/em><\/p>\n<p>Grand Cru, AOC Chablais<\/p>\n","protected":false},"excerpt":{"rendered":"<p>Die dichte, leuchtend purpurrote Farbe l\u00e4sst Sie einen sehr ausgepr\u00e4gten Pinot-Wein mit \u00fcppigen und geschmeidigen Fruchtaromen entdecken, der in cremigen Tanninen endet. Perfekt zu rotem Fleisch, Gegrilltem und kr\u00e4ftigem K\u00e4se.&hellip;<\/p>\n","protected":false},"featured_media":4001,"template":"","meta":[],"product_brand":[],"product_cat":[226],"product_tag":[243,237],"class_list":{"0":"post-4140","1":"product","2":"type-product","3":"status-publish","4":"has-post-thumbnail","6":"product_cat-rotwein","7":"product_tag-pot-vaudois-de","8":"product_tag-spatburgunder","10":"first","11":"outofstock","12":"shipping-taxable","13":"purchasable","14":"product-type-simple"},"yoast_head":"<!-- This site is optimized with the Yoast SEO plugin v27.3 - https:\/\/yoast.com\/product\/yoast-seo-wordpress\/ -->\n<title>Pinot Noir Pot Vaudois - Domaine Dillet<\/title>\n<meta name=\"robots\" content=\"index, follow, max-snippet:-1, max-image-preview:large, max-video-preview:-1\" \/>\n<link rel=\"canonical\" href=\"https:\/\/www.yvornedillet.ch\/de\/boutique\/pinot-noir-pot-vaudois\/\" \/>\n<meta property=\"og:locale\" content=\"de_DE\" \/>\n<meta property=\"og:type\" content=\"article\" \/>\n<meta property=\"og:title\" content=\"Pinot Noir Pot Vaudois - Domaine Dillet\" \/>\n<meta property=\"og:description\" content=\"Die dichte, leuchtend purpurrote Farbe l\u00e4sst Sie einen sehr ausgepr\u00e4gten Pinot-Wein mit \u00fcppigen und geschmeidigen Fruchtaromen entdecken, der in cremigen Tanninen endet. Perfekt zu rotem Fleisch, Gegrilltem und kr\u00e4ftigem K\u00e4se.&hellip;\" \/>\n<meta property=\"og:url\" content=\"https:\/\/www.yvornedillet.ch\/de\/boutique\/pinot-noir-pot-vaudois\/\" \/>\n<meta property=\"og:site_name\" content=\"Domaine Dillet\" \/>\n<meta property=\"article:publisher\" content=\"https:\/\/www.facebook.com\/Domaine-Dillet-Eric-Minod-107479957840700\" \/>\n<meta property=\"article:modified_time\" content=\"2025-12-18T13:56:42+00:00\" \/>\n<meta property=\"og:image\" content=\"https:\/\/www.yvornedillet.ch\/wp-content\/uploads\/2025\/05\/PM_Vin_11-scaled.jpg\" \/>\n\t<meta property=\"og:image:width\" content=\"1708\" \/>\n\t<meta property=\"og:image:height\" content=\"2560\" \/>\n\t<meta property=\"og:image:type\" content=\"image\/jpeg\" \/>\n<meta name=\"twitter:card\" content=\"summary_large_image\" \/>\n<script type=\"application\/ld+json\" class=\"yoast-schema-graph\">{\"@context\":\"https:\\\/\\\/schema.org\",\"@graph\":[{\"@type\":\"WebPage\",\"@id\":\"https:\\\/\\\/www.yvornedillet.ch\\\/de\\\/boutique\\\/pinot-noir-pot-vaudois\\\/\",\"url\":\"https:\\\/\\\/www.yvornedillet.ch\\\/de\\\/boutique\\\/pinot-noir-pot-vaudois\\\/\",\"name\":\"Pinot Noir Pot Vaudois - Domaine Dillet\",\"isPartOf\":{\"@id\":\"https:\\\/\\\/www.yvornedillet.ch\\\/de\\\/#website\"},\"primaryImageOfPage\":{\"@id\":\"https:\\\/\\\/www.yvornedillet.ch\\\/de\\\/boutique\\\/pinot-noir-pot-vaudois\\\/#primaryimage\"},\"image\":{\"@id\":\"https:\\\/\\\/www.yvornedillet.ch\\\/de\\\/boutique\\\/pinot-noir-pot-vaudois\\\/#primaryimage\"},\"thumbnailUrl\":\"https:\\\/\\\/www.yvornedillet.ch\\\/wp-content\\\/uploads\\\/2025\\\/05\\\/PM_Vin_11-scaled.jpg\",\"datePublished\":\"2018-04-23T18:09:21+00:00\",\"dateModified\":\"2025-12-18T13:56:42+00:00\",\"breadcrumb\":{\"@id\":\"https:\\\/\\\/www.yvornedillet.ch\\\/de\\\/boutique\\\/pinot-noir-pot-vaudois\\\/#breadcrumb\"},\"inLanguage\":\"de\",\"potentialAction\":[{\"@type\":\"ReadAction\",\"target\":[\"https:\\\/\\\/www.yvornedillet.ch\\\/de\\\/boutique\\\/pinot-noir-pot-vaudois\\\/\"]}]},{\"@type\":\"ImageObject\",\"inLanguage\":\"de\",\"@id\":\"https:\\\/\\\/www.yvornedillet.ch\\\/de\\\/boutique\\\/pinot-noir-pot-vaudois\\\/#primaryimage\",\"url\":\"https:\\\/\\\/www.yvornedillet.ch\\\/wp-content\\\/uploads\\\/2025\\\/05\\\/PM_Vin_11-scaled.jpg\",\"contentUrl\":\"https:\\\/\\\/www.yvornedillet.ch\\\/wp-content\\\/uploads\\\/2025\\\/05\\\/PM_Vin_11-scaled.jpg\",\"width\":1708,\"height\":2560},{\"@type\":\"BreadcrumbList\",\"@id\":\"https:\\\/\\\/www.yvornedillet.ch\\\/de\\\/boutique\\\/pinot-noir-pot-vaudois\\\/#breadcrumb\",\"itemListElement\":[{\"@type\":\"ListItem\",\"position\":1,\"name\":\"Accueil\",\"item\":\"https:\\\/\\\/www.yvornedillet.ch\\\/de\\\/\"},{\"@type\":\"ListItem\",\"position\":2,\"name\":\"Shop\",\"item\":\"https:\\\/\\\/www.yvornedillet.ch\\\/de\\\/shop\\\/\"},{\"@type\":\"ListItem\",\"position\":3,\"name\":\"Pinot Noir Pot Vaudois\"}]},{\"@type\":\"WebSite\",\"@id\":\"https:\\\/\\\/www.yvornedillet.ch\\\/de\\\/#website\",\"url\":\"https:\\\/\\\/www.yvornedillet.ch\\\/de\\\/\",\"name\":\"Domaine Dillet\",\"description\":\"Yvorne\",\"publisher\":{\"@id\":\"https:\\\/\\\/www.yvornedillet.ch\\\/de\\\/#organization\"},\"potentialAction\":[{\"@type\":\"SearchAction\",\"target\":{\"@type\":\"EntryPoint\",\"urlTemplate\":\"https:\\\/\\\/www.yvornedillet.ch\\\/de\\\/?s={search_term_string}\"},\"query-input\":{\"@type\":\"PropertyValueSpecification\",\"valueRequired\":true,\"valueName\":\"search_term_string\"}}],\"inLanguage\":\"de\"},{\"@type\":\"Organization\",\"@id\":\"https:\\\/\\\/www.yvornedillet.ch\\\/de\\\/#organization\",\"name\":\"Domaine Dillet\",\"url\":\"https:\\\/\\\/www.yvornedillet.ch\\\/de\\\/\",\"logo\":{\"@type\":\"ImageObject\",\"inLanguage\":\"de\",\"@id\":\"https:\\\/\\\/www.yvornedillet.ch\\\/de\\\/#\\\/schema\\\/logo\\\/image\\\/\",\"url\":\"https:\\\/\\\/www.yvornedillet.ch\\\/wp-content\\\/uploads\\\/2018\\\/03\\\/Logo_Dillet.png\",\"contentUrl\":\"https:\\\/\\\/www.yvornedillet.ch\\\/wp-content\\\/uploads\\\/2018\\\/03\\\/Logo_Dillet.png\",\"width\":815,\"height\":738,\"caption\":\"Domaine Dillet\"},\"image\":{\"@id\":\"https:\\\/\\\/www.yvornedillet.ch\\\/de\\\/#\\\/schema\\\/logo\\\/image\\\/\"},\"sameAs\":[\"https:\\\/\\\/www.facebook.com\\\/Domaine-Dillet-Eric-Minod-107479957840700\",\"https:\\\/\\\/www.instagram.com\\\/domainedillet\\\/\"]}]}<\/script>\n<!-- \/ Yoast SEO plugin. -->","yoast_head_json":{"title":"Pinot Noir Pot Vaudois - Domaine Dillet","robots":{"index":"index","follow":"follow","max-snippet":"max-snippet:-1","max-image-preview":"max-image-preview:large","max-video-preview":"max-video-preview:-1"},"canonical":"https:\/\/www.yvornedillet.ch\/de\/boutique\/pinot-noir-pot-vaudois\/","og_locale":"de_DE","og_type":"article","og_title":"Pinot Noir Pot Vaudois - Domaine Dillet","og_description":"Die dichte, leuchtend purpurrote Farbe l\u00e4sst Sie einen sehr ausgepr\u00e4gten Pinot-Wein mit \u00fcppigen und geschmeidigen Fruchtaromen entdecken, der in cremigen Tanninen endet. Perfekt zu rotem Fleisch, Gegrilltem und kr\u00e4ftigem K\u00e4se.&hellip;","og_url":"https:\/\/www.yvornedillet.ch\/de\/boutique\/pinot-noir-pot-vaudois\/","og_site_name":"Domaine Dillet","article_publisher":"https:\/\/www.facebook.com\/Domaine-Dillet-Eric-Minod-107479957840700","article_modified_time":"2025-12-18T13:56:42+00:00","og_image":[{"width":1708,"height":2560,"url":"https:\/\/www.yvornedillet.ch\/wp-content\/uploads\/2025\/05\/PM_Vin_11-scaled.jpg","type":"image\/jpeg"}],"twitter_card":"summary_large_image","schema":{"@context":"https:\/\/schema.org","@graph":[{"@type":"WebPage","@id":"https:\/\/www.yvornedillet.ch\/de\/boutique\/pinot-noir-pot-vaudois\/","url":"https:\/\/www.yvornedillet.ch\/de\/boutique\/pinot-noir-pot-vaudois\/","name":"Pinot Noir Pot Vaudois - Domaine Dillet","isPartOf":{"@id":"https:\/\/www.yvornedillet.ch\/de\/#website"},"primaryImageOfPage":{"@id":"https:\/\/www.yvornedillet.ch\/de\/boutique\/pinot-noir-pot-vaudois\/#primaryimage"},"image":{"@id":"https:\/\/www.yvornedillet.ch\/de\/boutique\/pinot-noir-pot-vaudois\/#primaryimage"},"thumbnailUrl":"https:\/\/www.yvornedillet.ch\/wp-content\/uploads\/2025\/05\/PM_Vin_11-scaled.jpg","datePublished":"2018-04-23T18:09:21+00:00","dateModified":"2025-12-18T13:56:42+00:00","breadcrumb":{"@id":"https:\/\/www.yvornedillet.ch\/de\/boutique\/pinot-noir-pot-vaudois\/#breadcrumb"},"inLanguage":"de","potentialAction":[{"@type":"ReadAction","target":["https:\/\/www.yvornedillet.ch\/de\/boutique\/pinot-noir-pot-vaudois\/"]}]},{"@type":"ImageObject","inLanguage":"de","@id":"https:\/\/www.yvornedillet.ch\/de\/boutique\/pinot-noir-pot-vaudois\/#primaryimage","url":"https:\/\/www.yvornedillet.ch\/wp-content\/uploads\/2025\/05\/PM_Vin_11-scaled.jpg","contentUrl":"https:\/\/www.yvornedillet.ch\/wp-content\/uploads\/2025\/05\/PM_Vin_11-scaled.jpg","width":1708,"height":2560},{"@type":"BreadcrumbList","@id":"https:\/\/www.yvornedillet.ch\/de\/boutique\/pinot-noir-pot-vaudois\/#breadcrumb","itemListElement":[{"@type":"ListItem","position":1,"name":"Accueil","item":"https:\/\/www.yvornedillet.ch\/de\/"},{"@type":"ListItem","position":2,"name":"Shop","item":"https:\/\/www.yvornedillet.ch\/de\/shop\/"},{"@type":"ListItem","position":3,"name":"Pinot Noir Pot Vaudois"}]},{"@type":"WebSite","@id":"https:\/\/www.yvornedillet.ch\/de\/#website","url":"https:\/\/www.yvornedillet.ch\/de\/","name":"Domaine Dillet","description":"Yvorne","publisher":{"@id":"https:\/\/www.yvornedillet.ch\/de\/#organization"},"potentialAction":[{"@type":"SearchAction","target":{"@type":"EntryPoint","urlTemplate":"https:\/\/www.yvornedillet.ch\/de\/?s={search_term_string}"},"query-input":{"@type":"PropertyValueSpecification","valueRequired":true,"valueName":"search_term_string"}}],"inLanguage":"de"},{"@type":"Organization","@id":"https:\/\/www.yvornedillet.ch\/de\/#organization","name":"Domaine Dillet","url":"https:\/\/www.yvornedillet.ch\/de\/","logo":{"@type":"ImageObject","inLanguage":"de","@id":"https:\/\/www.yvornedillet.ch\/de\/#\/schema\/logo\/image\/","url":"https:\/\/www.yvornedillet.ch\/wp-content\/uploads\/2018\/03\/Logo_Dillet.png","contentUrl":"https:\/\/www.yvornedillet.ch\/wp-content\/uploads\/2018\/03\/Logo_Dillet.png","width":815,"height":738,"caption":"Domaine Dillet"},"image":{"@id":"https:\/\/www.yvornedillet.ch\/de\/#\/schema\/logo\/image\/"},"sameAs":["https:\/\/www.facebook.com\/Domaine-Dillet-Eric-Minod-107479957840700","https:\/\/www.instagram.com\/domainedillet\/"]}]}},"_links":{"self":[{"href":"https:\/\/www.yvornedillet.ch\/de\/wp-json\/wp\/v2\/product\/4140","targetHints":{"allow":["GET"]}}],"collection":[{"href":"https:\/\/www.yvornedillet.ch\/de\/wp-json\/wp\/v2\/product"}],"about":[{"href":"https:\/\/www.yvornedillet.ch\/de\/wp-json\/wp\/v2\/types\/product"}],"wp:featuredmedia":[{"embeddable":true,"href":"https:\/\/www.yvornedillet.ch\/de\/wp-json\/wp\/v2\/media\/4001"}],"wp:attachment":[{"href":"https:\/\/www.yvornedillet.ch\/de\/wp-json\/wp\/v2\/media?parent=4140"}],"wp:term":[{"taxonomy":"product_brand","embeddable":true,"href":"https:\/\/www.yvornedillet.ch\/de\/wp-json\/wp\/v2\/product_brand?post=4140"},{"taxonomy":"product_cat","embeddable":true,"href":"https:\/\/www.yvornedillet.ch\/de\/wp-json\/wp\/v2\/product_cat?post=4140"},{"taxonomy":"product_tag","embeddable":true,"href":"https:\/\/www.yvornedillet.ch\/de\/wp-json\/wp\/v2\/product_tag?post=4140"}],"curies":[{"name":"wp","href":"https:\/\/api.w.org\/{rel}","templated":true}]}}