
{"id":4108,"date":"2018-04-20T15:18:00","date_gmt":"2018-04-20T13:18:00","guid":{"rendered":"https:\/\/www.yvornedillet.ch\/boutique\/gamay-aigle\/"},"modified":"2025-12-17T18:14:10","modified_gmt":"2025-12-17T17:14:10","slug":"gamay-aigle","status":"publish","type":"product","link":"https:\/\/www.yvornedillet.ch\/de\/boutique\/gamay-aigle\/","title":{"rendered":"Gamay Aigle"},"content":{"rendered":"<p>Die 35 Jahre alten Rebst\u00f6cke produzieren diesen Gamay Vieilles Vignes. Was ihm K\u00f6rper und eine herrliche Fruchtigkeit mit sch\u00f6nen violetten Reflexen verleiht. Aromen von roten Fr\u00fcchten mit geschmeidigen Tanninen und einer sch\u00f6nen F\u00fclle.<\/p>\n<p>Zu genie\u00dfen mit gegrilltem Fleisch und Hartk\u00e4se.<\/p>\n<p>&nbsp;<\/p>\n<p><em>Serviertemperatur: 16 bis 18 Grad<\/em><\/p>\n<p>&nbsp;<\/p>\n<p>Grand Cru, AOC Chablais<\/p>\n","protected":false},"excerpt":{"rendered":"<p>Die 35 Jahre alten Rebst\u00f6cke produzieren diesen Gamay Vieilles Vignes. Was ihm K\u00f6rper und eine herrliche Fruchtigkeit mit sch\u00f6nen violetten Reflexen verleiht. Aromen von roten Fr\u00fcchten mit geschmeidigen Tanninen und&hellip;<\/p>\n","protected":false},"featured_media":3991,"template":"","meta":[],"product_brand":[],"product_cat":[226],"product_tag":[228,227],"class_list":{"0":"post-4108","1":"product","2":"type-product","3":"status-publish","4":"has-post-thumbnail","6":"product_cat-rotwein","7":"product_tag-alte-reben","8":"product_tag-gamay-de","10":"first","11":"outofstock","12":"shipping-taxable","13":"purchasable","14":"product-type-variable"},"yoast_head":"<!-- This site is optimized with the Yoast SEO plugin v27.3 - https:\/\/yoast.com\/product\/yoast-seo-wordpress\/ -->\n<title>Gamay Aigle - Domaine Dillet<\/title>\n<meta name=\"robots\" content=\"index, follow, max-snippet:-1, max-image-preview:large, max-video-preview:-1\" \/>\n<link rel=\"canonical\" href=\"https:\/\/www.yvornedillet.ch\/de\/boutique\/gamay-aigle\/\" \/>\n<meta property=\"og:locale\" content=\"de_DE\" \/>\n<meta property=\"og:type\" content=\"article\" \/>\n<meta property=\"og:title\" content=\"Gamay Aigle - Domaine Dillet\" \/>\n<meta property=\"og:description\" content=\"Die 35 Jahre alten Rebst\u00f6cke produzieren diesen Gamay Vieilles Vignes. Was ihm K\u00f6rper und eine herrliche Fruchtigkeit mit sch\u00f6nen violetten Reflexen verleiht. Aromen von roten Fr\u00fcchten mit geschmeidigen Tanninen und&hellip;\" \/>\n<meta property=\"og:url\" content=\"https:\/\/www.yvornedillet.ch\/de\/boutique\/gamay-aigle\/\" \/>\n<meta property=\"og:site_name\" content=\"Domaine Dillet\" \/>\n<meta property=\"article:publisher\" content=\"https:\/\/www.facebook.com\/Domaine-Dillet-Eric-Minod-107479957840700\" \/>\n<meta property=\"article:modified_time\" content=\"2025-12-17T17:14:10+00:00\" \/>\n<meta property=\"og:image\" content=\"https:\/\/www.yvornedillet.ch\/wp-content\/uploads\/2025\/05\/PM_Vin_06-scaled.jpg\" \/>\n\t<meta property=\"og:image:width\" content=\"1708\" \/>\n\t<meta property=\"og:image:height\" content=\"2560\" \/>\n\t<meta property=\"og:image:type\" content=\"image\/jpeg\" \/>\n<meta name=\"twitter:card\" content=\"summary_large_image\" \/>\n<script type=\"application\/ld+json\" class=\"yoast-schema-graph\">{\"@context\":\"https:\\\/\\\/schema.org\",\"@graph\":[{\"@type\":\"WebPage\",\"@id\":\"https:\\\/\\\/www.yvornedillet.ch\\\/de\\\/boutique\\\/gamay-aigle\\\/\",\"url\":\"https:\\\/\\\/www.yvornedillet.ch\\\/de\\\/boutique\\\/gamay-aigle\\\/\",\"name\":\"Gamay Aigle - Domaine Dillet\",\"isPartOf\":{\"@id\":\"https:\\\/\\\/www.yvornedillet.ch\\\/de\\\/#website\"},\"primaryImageOfPage\":{\"@id\":\"https:\\\/\\\/www.yvornedillet.ch\\\/de\\\/boutique\\\/gamay-aigle\\\/#primaryimage\"},\"image\":{\"@id\":\"https:\\\/\\\/www.yvornedillet.ch\\\/de\\\/boutique\\\/gamay-aigle\\\/#primaryimage\"},\"thumbnailUrl\":\"https:\\\/\\\/www.yvornedillet.ch\\\/wp-content\\\/uploads\\\/2025\\\/05\\\/PM_Vin_06-scaled.jpg\",\"datePublished\":\"2018-04-20T13:18:00+00:00\",\"dateModified\":\"2025-12-17T17:14:10+00:00\",\"breadcrumb\":{\"@id\":\"https:\\\/\\\/www.yvornedillet.ch\\\/de\\\/boutique\\\/gamay-aigle\\\/#breadcrumb\"},\"inLanguage\":\"de\",\"potentialAction\":[{\"@type\":\"ReadAction\",\"target\":[\"https:\\\/\\\/www.yvornedillet.ch\\\/de\\\/boutique\\\/gamay-aigle\\\/\"]}]},{\"@type\":\"ImageObject\",\"inLanguage\":\"de\",\"@id\":\"https:\\\/\\\/www.yvornedillet.ch\\\/de\\\/boutique\\\/gamay-aigle\\\/#primaryimage\",\"url\":\"https:\\\/\\\/www.yvornedillet.ch\\\/wp-content\\\/uploads\\\/2025\\\/05\\\/PM_Vin_06-scaled.jpg\",\"contentUrl\":\"https:\\\/\\\/www.yvornedillet.ch\\\/wp-content\\\/uploads\\\/2025\\\/05\\\/PM_Vin_06-scaled.jpg\",\"width\":1708,\"height\":2560},{\"@type\":\"BreadcrumbList\",\"@id\":\"https:\\\/\\\/www.yvornedillet.ch\\\/de\\\/boutique\\\/gamay-aigle\\\/#breadcrumb\",\"itemListElement\":[{\"@type\":\"ListItem\",\"position\":1,\"name\":\"Accueil\",\"item\":\"https:\\\/\\\/www.yvornedillet.ch\\\/de\\\/\"},{\"@type\":\"ListItem\",\"position\":2,\"name\":\"Shop\",\"item\":\"https:\\\/\\\/www.yvornedillet.ch\\\/de\\\/shop\\\/\"},{\"@type\":\"ListItem\",\"position\":3,\"name\":\"Gamay Aigle\"}]},{\"@type\":\"WebSite\",\"@id\":\"https:\\\/\\\/www.yvornedillet.ch\\\/de\\\/#website\",\"url\":\"https:\\\/\\\/www.yvornedillet.ch\\\/de\\\/\",\"name\":\"Domaine Dillet\",\"description\":\"Yvorne\",\"publisher\":{\"@id\":\"https:\\\/\\\/www.yvornedillet.ch\\\/de\\\/#organization\"},\"potentialAction\":[{\"@type\":\"SearchAction\",\"target\":{\"@type\":\"EntryPoint\",\"urlTemplate\":\"https:\\\/\\\/www.yvornedillet.ch\\\/de\\\/?s={search_term_string}\"},\"query-input\":{\"@type\":\"PropertyValueSpecification\",\"valueRequired\":true,\"valueName\":\"search_term_string\"}}],\"inLanguage\":\"de\"},{\"@type\":\"Organization\",\"@id\":\"https:\\\/\\\/www.yvornedillet.ch\\\/de\\\/#organization\",\"name\":\"Domaine Dillet\",\"url\":\"https:\\\/\\\/www.yvornedillet.ch\\\/de\\\/\",\"logo\":{\"@type\":\"ImageObject\",\"inLanguage\":\"de\",\"@id\":\"https:\\\/\\\/www.yvornedillet.ch\\\/de\\\/#\\\/schema\\\/logo\\\/image\\\/\",\"url\":\"https:\\\/\\\/www.yvornedillet.ch\\\/wp-content\\\/uploads\\\/2018\\\/03\\\/Logo_Dillet.png\",\"contentUrl\":\"https:\\\/\\\/www.yvornedillet.ch\\\/wp-content\\\/uploads\\\/2018\\\/03\\\/Logo_Dillet.png\",\"width\":815,\"height\":738,\"caption\":\"Domaine Dillet\"},\"image\":{\"@id\":\"https:\\\/\\\/www.yvornedillet.ch\\\/de\\\/#\\\/schema\\\/logo\\\/image\\\/\"},\"sameAs\":[\"https:\\\/\\\/www.facebook.com\\\/Domaine-Dillet-Eric-Minod-107479957840700\",\"https:\\\/\\\/www.instagram.com\\\/domainedillet\\\/\"]}]}<\/script>\n<!-- \/ Yoast SEO plugin. -->","yoast_head_json":{"title":"Gamay Aigle - Domaine Dillet","robots":{"index":"index","follow":"follow","max-snippet":"max-snippet:-1","max-image-preview":"max-image-preview:large","max-video-preview":"max-video-preview:-1"},"canonical":"https:\/\/www.yvornedillet.ch\/de\/boutique\/gamay-aigle\/","og_locale":"de_DE","og_type":"article","og_title":"Gamay Aigle - Domaine Dillet","og_description":"Die 35 Jahre alten Rebst\u00f6cke produzieren diesen Gamay Vieilles Vignes. Was ihm K\u00f6rper und eine herrliche Fruchtigkeit mit sch\u00f6nen violetten Reflexen verleiht. Aromen von roten Fr\u00fcchten mit geschmeidigen Tanninen und&hellip;","og_url":"https:\/\/www.yvornedillet.ch\/de\/boutique\/gamay-aigle\/","og_site_name":"Domaine Dillet","article_publisher":"https:\/\/www.facebook.com\/Domaine-Dillet-Eric-Minod-107479957840700","article_modified_time":"2025-12-17T17:14:10+00:00","og_image":[{"width":1708,"height":2560,"url":"https:\/\/www.yvornedillet.ch\/wp-content\/uploads\/2025\/05\/PM_Vin_06-scaled.jpg","type":"image\/jpeg"}],"twitter_card":"summary_large_image","schema":{"@context":"https:\/\/schema.org","@graph":[{"@type":"WebPage","@id":"https:\/\/www.yvornedillet.ch\/de\/boutique\/gamay-aigle\/","url":"https:\/\/www.yvornedillet.ch\/de\/boutique\/gamay-aigle\/","name":"Gamay Aigle - Domaine Dillet","isPartOf":{"@id":"https:\/\/www.yvornedillet.ch\/de\/#website"},"primaryImageOfPage":{"@id":"https:\/\/www.yvornedillet.ch\/de\/boutique\/gamay-aigle\/#primaryimage"},"image":{"@id":"https:\/\/www.yvornedillet.ch\/de\/boutique\/gamay-aigle\/#primaryimage"},"thumbnailUrl":"https:\/\/www.yvornedillet.ch\/wp-content\/uploads\/2025\/05\/PM_Vin_06-scaled.jpg","datePublished":"2018-04-20T13:18:00+00:00","dateModified":"2025-12-17T17:14:10+00:00","breadcrumb":{"@id":"https:\/\/www.yvornedillet.ch\/de\/boutique\/gamay-aigle\/#breadcrumb"},"inLanguage":"de","potentialAction":[{"@type":"ReadAction","target":["https:\/\/www.yvornedillet.ch\/de\/boutique\/gamay-aigle\/"]}]},{"@type":"ImageObject","inLanguage":"de","@id":"https:\/\/www.yvornedillet.ch\/de\/boutique\/gamay-aigle\/#primaryimage","url":"https:\/\/www.yvornedillet.ch\/wp-content\/uploads\/2025\/05\/PM_Vin_06-scaled.jpg","contentUrl":"https:\/\/www.yvornedillet.ch\/wp-content\/uploads\/2025\/05\/PM_Vin_06-scaled.jpg","width":1708,"height":2560},{"@type":"BreadcrumbList","@id":"https:\/\/www.yvornedillet.ch\/de\/boutique\/gamay-aigle\/#breadcrumb","itemListElement":[{"@type":"ListItem","position":1,"name":"Accueil","item":"https:\/\/www.yvornedillet.ch\/de\/"},{"@type":"ListItem","position":2,"name":"Shop","item":"https:\/\/www.yvornedillet.ch\/de\/shop\/"},{"@type":"ListItem","position":3,"name":"Gamay Aigle"}]},{"@type":"WebSite","@id":"https:\/\/www.yvornedillet.ch\/de\/#website","url":"https:\/\/www.yvornedillet.ch\/de\/","name":"Domaine Dillet","description":"Yvorne","publisher":{"@id":"https:\/\/www.yvornedillet.ch\/de\/#organization"},"potentialAction":[{"@type":"SearchAction","target":{"@type":"EntryPoint","urlTemplate":"https:\/\/www.yvornedillet.ch\/de\/?s={search_term_string}"},"query-input":{"@type":"PropertyValueSpecification","valueRequired":true,"valueName":"search_term_string"}}],"inLanguage":"de"},{"@type":"Organization","@id":"https:\/\/www.yvornedillet.ch\/de\/#organization","name":"Domaine Dillet","url":"https:\/\/www.yvornedillet.ch\/de\/","logo":{"@type":"ImageObject","inLanguage":"de","@id":"https:\/\/www.yvornedillet.ch\/de\/#\/schema\/logo\/image\/","url":"https:\/\/www.yvornedillet.ch\/wp-content\/uploads\/2018\/03\/Logo_Dillet.png","contentUrl":"https:\/\/www.yvornedillet.ch\/wp-content\/uploads\/2018\/03\/Logo_Dillet.png","width":815,"height":738,"caption":"Domaine Dillet"},"image":{"@id":"https:\/\/www.yvornedillet.ch\/de\/#\/schema\/logo\/image\/"},"sameAs":["https:\/\/www.facebook.com\/Domaine-Dillet-Eric-Minod-107479957840700","https:\/\/www.instagram.com\/domainedillet\/"]}]}},"_links":{"self":[{"href":"https:\/\/www.yvornedillet.ch\/de\/wp-json\/wp\/v2\/product\/4108","targetHints":{"allow":["GET"]}}],"collection":[{"href":"https:\/\/www.yvornedillet.ch\/de\/wp-json\/wp\/v2\/product"}],"about":[{"href":"https:\/\/www.yvornedillet.ch\/de\/wp-json\/wp\/v2\/types\/product"}],"wp:featuredmedia":[{"embeddable":true,"href":"https:\/\/www.yvornedillet.ch\/de\/wp-json\/wp\/v2\/media\/3991"}],"wp:attachment":[{"href":"https:\/\/www.yvornedillet.ch\/de\/wp-json\/wp\/v2\/media?parent=4108"}],"wp:term":[{"taxonomy":"product_brand","embeddable":true,"href":"https:\/\/www.yvornedillet.ch\/de\/wp-json\/wp\/v2\/product_brand?post=4108"},{"taxonomy":"product_cat","embeddable":true,"href":"https:\/\/www.yvornedillet.ch\/de\/wp-json\/wp\/v2\/product_cat?post=4108"},{"taxonomy":"product_tag","embeddable":true,"href":"https:\/\/www.yvornedillet.ch\/de\/wp-json\/wp\/v2\/product_tag?post=4108"}],"curies":[{"name":"wp","href":"https:\/\/api.w.org\/{rel}","templated":true}]}}